{"id":1398,"date":"2021-02-09T12:51:10","date_gmt":"2021-02-09T11:51:10","guid":{"rendered":"http:\/\/www.augenzentrum-aspern.at\/dom"},"modified":"2025-03-15T20:28:18","modified_gmt":"2025-03-15T19:28:18","slug":"dom","status":"publish","type":"page","link":"http:\/\/www.augenzentrum-aspern.at\/pl","title":{"rendered":"Dom"},"content":{"rendered":"<div id='full_slider_1'  class='avia-fullwidth-slider main_color avia-shadow   avia-builder-el-0  el_before_av_one_full  avia-builder-el-first   container_wrap fullsize'  ><div  class='avia-slideshow av-d129ci-1b37df84594dfbb87a87846668f29e61 avia-slideshow-featured av_slideshow_full avia-fade-slider av-slideshow-ui av-control-hidden av-no-slider-navigation av-hide-nav-arrows av-slideshow-autoplay av-loop-endless av-loop-manual-endless av-default-height-applied   avia-slideshow-1' data-slideshow-options=\"{&quot;animation&quot;:&quot;fade&quot;,&quot;autoplay&quot;:true,&quot;loop_autoplay&quot;:&quot;endless&quot;,&quot;interval&quot;:5,&quot;loop_manual&quot;:&quot;manual-endless&quot;,&quot;autoplay_stopper&quot;:false,&quot;noNavigation&quot;:true,&quot;bg_slider&quot;:false,&quot;transitionSpeed&quot;:700,&quot;keep_padding&quot;:false,&quot;hoverpause&quot;:false,&quot;show_slide_delay&quot;:0}\"  itemprop=\"image\" itemscope=\"itemscope\" itemtype=\"https:\/\/schema.org\/ImageObject\" ><ul class='avia-slideshow-inner ' style='padding-bottom: 28.666666666667%;'><li  class='avia-slideshow-slide av-d129ci-1b37df84594dfbb87a87846668f29e61__0  slide-1 slide-odd'><div data-rel='slideshow-1' class='avia-slide-wrap '   ><img decoding=\"async\" fetchpriority=\"high\" class=\"wp-image-1505 avia-img-lazy-loading-not-1505\"  src=\"http:\/\/www.augenzentrum-aspern.at\/wp-content\/uploads\/2021\/03\/home1-web-1500x430.jpg\" width=\"1500\" height=\"430\" title='home1-web' alt='Ordination Dr n. med. Katarzyna J. Witkowska'  itemprop=\"thumbnailUrl\"   \/><\/div><\/li><li  class='avia-slideshow-slide av-d129ci-1b37df84594dfbb87a87846668f29e61__1  slide-2 slide-even'><div data-rel='slideshow-1' class='avia-slide-wrap '   ><img decoding=\"async\" fetchpriority=\"high\" class=\"wp-image-1507 avia-img-lazy-loading-not-1507\"  src=\"http:\/\/www.augenzentrum-aspern.at\/wp-content\/uploads\/2021\/03\/home2-web-1500x430.jpg\" width=\"1500\" height=\"430\" title='home2-web' alt='Ordination Dr n. med. Katarzyna J. Witkowska'  itemprop=\"thumbnailUrl\"   \/><\/div><\/li><\/ul><div class='avia-slideshow-arrows avia-slideshow-controls' ><a href='#prev' class='prev-slide ' aria-hidden='true' data-av_icon='\ue87c' data-av_iconfont='entypo-fontello'  tabindex='-1'>Previous<\/a><a href='#next' class='next-slide ' aria-hidden='true' data-av_icon='\ue87d' data-av_iconfont='entypo-fontello'  tabindex='-1'>Next<\/a><\/div><\/div><\/div><div id='after_full_slider_1'  class='main_color av_default_container_wrap container_wrap fullsize'  ><div class='container av-section-cont-open' ><div class='template-page content  av-content-full alpha units'><div class='post-entry post-entry-type-page post-entry-1398'><div class='entry-content-wrapper clearfix'>\n\n<style type=\"text\/css\" data-created_by=\"avia_inline_auto\" id=\"style-css-av-3hfex4-ce60d61e9ec29ba942d89810257810ee\">\n.flex_column.av-3hfex4-ce60d61e9ec29ba942d89810257810ee{\nborder-radius:0px 0px 0px 0px;\npadding:0px 0px 0px 0px;\n}\n<\/style>\n<div  class='flex_column av-3hfex4-ce60d61e9ec29ba942d89810257810ee av_one_full  avia-builder-el-1  el_after_av_slideshow_full  el_before_av_one_half  avia-builder-el-first  first flex_column_div av-zero-column-padding  '     ><section  class='av_textblock_section av-28oh1j-7fc03dac6b0c1c358476b82ea9112be4 '   itemscope=\"itemscope\" itemtype=\"https:\/\/schema.org\/CreativeWork\" ><div class='avia_textblock'  itemprop=\"text\" ><h3>Dr n. med. Katarzyna J. Witkowska<\/h3>\n<h5>specjalista chor\u00f3b oczu<\/h5>\n<\/div><\/section><\/div>\n\n<style type=\"text\/css\" data-created_by=\"avia_inline_auto\" id=\"style-css-av-3hfex4-ce60d61e9ec29ba942d89810257810ee\">\n.flex_column.av-3hfex4-ce60d61e9ec29ba942d89810257810ee{\nborder-radius:0px 0px 0px 0px;\npadding:0px 0px 0px 0px;\n}\n<\/style>\n<div  class='flex_column av-3hfex4-ce60d61e9ec29ba942d89810257810ee av_one_half  avia-builder-el-3  el_after_av_one_full  el_before_av_one_half  first flex_column_div av-zero-column-padding  column-top-margin'     ><section  class='av_textblock_section av-28oh1j-5ea41e703af333a96ef3fc9369982efd '   itemscope=\"itemscope\" itemtype=\"https:\/\/schema.org\/CreativeWork\" ><div class='avia_textblock'  itemprop=\"text\" ><div class=\"spalte_links\">\n<h3>USTALENIE TERMINU WIZYTY:<\/h3>\n<h4><\/h4>\n<\/div>\n<p><strong>W zwi\u0105zku z licznymi zapytaniami prosimy o odpowiednio wczesne ustalanie termin\u00f3w wizyt.<\/strong><\/p>\n<h3><\/h3>\n<div class=\"spalte_links\"><\/div>\n<\/div><\/section><br \/>\n<div  class='avia-button-wrap av-kl14nwm4-877cbe8394815cd6bb8b3d04cad6ea87-wrap avia-button-left  avia-builder-el-5  el_after_av_textblock  el_before_av_textblock '><a href='https:\/\/etermin.lobmaier.at\/witkowska-katarzyna-01\/'  class='avia-button av-kl14nwm4-877cbe8394815cd6bb8b3d04cad6ea87 av-link-btn avia-icon_select-no avia-size-small avia-position-left avia-color-theme-color'   aria-label=\"REJESTRACJA ONLINE\"><span class='avia_iconbox_title' >REJESTRACJA ONLINE<\/span><\/a><\/div><br \/>\n<section  class='av_textblock_section av-28oh1j-5ea41e703af333a96ef3fc9369982efd '   itemscope=\"itemscope\" itemtype=\"https:\/\/schema.org\/CreativeWork\" ><div class='avia_textblock'  itemprop=\"text\" ><div class=\"spalte_links\">\n<p>Rejestracja telefoniczna: tel. +43 280 45 89<\/p>\n<\/div>\n<\/div><\/section><\/p><\/div>\n<style type=\"text\/css\" data-created_by=\"avia_inline_auto\" id=\"style-css-av-3a1n0o-d0ff26758acaf58ea962ae0d612b967f\">\n.flex_column.av-3a1n0o-d0ff26758acaf58ea962ae0d612b967f{\nborder-radius:0px 0px 0px 0px;\npadding:0px 0px 0px 0px;\n}\n<\/style>\n<div  class='flex_column av-3a1n0o-d0ff26758acaf58ea962ae0d612b967f av_one_half  avia-builder-el-7  el_after_av_one_half  el_before_av_one_full  flex_column_div av-zero-column-padding  column-top-margin'     ><section  class='av_textblock_section av-28oh1j-7fc03dac6b0c1c358476b82ea9112be4 '   itemscope=\"itemscope\" itemtype=\"https:\/\/schema.org\/CreativeWork\" ><div class='avia_textblock'  itemprop=\"text\" ><div class=\"spalte_links\">\n<h3>WA\u017bNE INFORMACJE:<\/h3>\n<p>Prosz\u0119 wzi\u0105\u0107 ze sob\u0105 na wizyt\u0119: okulary, poprzednie recepty na okulary lub soczewki kontaktowe, dotychczasow\u0105 dokumentacj\u0119 medyczn\u0105.<br \/>\nPodczas wizyty najcz\u0119\u015bciej niezb\u0119dne jest rozszerzenie \u017arenic oczu. Prosz\u0119 wzi\u0105\u0107 pod uwag\u0119, \u017ce po badaniu nie wolno prowadzi\u0107 pojazd\u00f3w przez co najmniej 3 godziny.<\/p>\n<p><strong>Pacjenci nosz\u0105cy soczewki kontaktowe:<\/strong><\/p>\n<p>Przed planowanym doborem nowych okular\u00f3w prosz\u0119 nie zak\u0142ada\u0107 mi\u0119kkich soczewek kontaktowych przez 24 godziny, natomiast twardych soczewek kontaktowych przez 48 godzin. Przerwa w noszeniu soczewek jest niezb\u0119dna do prawid\u0142owej oceny wady wzroku.<\/p>\n<p><strong>Dzieci:<\/strong><\/p>\n<p>Aby okre\u015bli\u0107 dok\u0142adn\u0105 wad\u0119 wzroku u dzieci cz\u0119sto niezb\u0119dne jest zakropienie kropli rozszerzaj\u0105cych \u017arenice oczu. Przy s\u0142onecznej pogodzie prosz\u0119 wzi\u0105\u0107 dla dziecka kapelusz od s\u0142o\u0144ca, czapk\u0119 z daszkiem lub okulary przeciws\u0142oneczne.<\/p>\n<\/div>\n<\/div><\/section><\/div><\/p>\n\n<style type=\"text\/css\" data-created_by=\"avia_inline_auto\" id=\"style-css-av-3a1n0o-f2c7c73c2b8e0017c0225ba6fbce6236\">\n.flex_column.av-3a1n0o-f2c7c73c2b8e0017c0225ba6fbce6236{\nborder-radius:0px 0px 0px 0px;\npadding:0px 0px 0px 0px;\n}\n<\/style>\n<div  class='flex_column av-3a1n0o-f2c7c73c2b8e0017c0225ba6fbce6236 av_one_full  avia-builder-el-9  el_after_av_one_half  avia-builder-el-last  first flex_column_div av-zero-column-padding  column-top-margin'     ><section  class='av_textblock_section av-28oh1j-5ea41e703af333a96ef3fc9369982efd '   itemscope=\"itemscope\" itemtype=\"https:\/\/schema.org\/CreativeWork\" ><div class='avia_textblock'  itemprop=\"text\" ><p>W razie <strong>nieodwo\u0142ania um\u00f3wionej wizyty co najmniej 24 godziny wcze\u015bniej<\/strong> zostanie wystawiony rachunek za zarezerwowany dla Pa\u0144stwa czas.<\/p>\n<p>Prosz\u0119 o wcze\u015bniejsze odwo\u0142anie wizyty, je\u015bli nie mog\u0105 Pa\u0144stwo przyj\u015b\u0107.<\/p>\n<p>Prosimy o odwo\u0142ywanie wizyt poprzez online kalendarz lub e-mailem.<\/p>\n<h1><\/h1>\n<p>Aktualne <strong>plany urlopowe<\/strong> znajduj\u0105 si\u0119 na stronie internetowej: www.praxisplan.at<\/p>\n<\/div><\/section><\/div>\n","protected":false},"excerpt":{"rendered":"","protected":false},"author":2,"featured_media":0,"parent":0,"menu_order":0,"comment_status":"closed","ping_status":"closed","template":"","meta":{"footnotes":""},"tags":[],"class_list":["post-1398","page","type-page","status-publish","hentry"],"_links":{"self":[{"href":"http:\/\/www.augenzentrum-aspern.at\/pl\/wp-json\/wp\/v2\/pages\/1398","targetHints":{"allow":["GET"]}}],"collection":[{"href":"http:\/\/www.augenzentrum-aspern.at\/pl\/wp-json\/wp\/v2\/pages"}],"about":[{"href":"http:\/\/www.augenzentrum-aspern.at\/pl\/wp-json\/wp\/v2\/types\/page"}],"author":[{"embeddable":true,"href":"http:\/\/www.augenzentrum-aspern.at\/pl\/wp-json\/wp\/v2\/users\/2"}],"replies":[{"embeddable":true,"href":"http:\/\/www.augenzentrum-aspern.at\/pl\/wp-json\/wp\/v2\/comments?post=1398"}],"version-history":[{"count":20,"href":"http:\/\/www.augenzentrum-aspern.at\/pl\/wp-json\/wp\/v2\/pages\/1398\/revisions"}],"predecessor-version":[{"id":1632,"href":"http:\/\/www.augenzentrum-aspern.at\/pl\/wp-json\/wp\/v2\/pages\/1398\/revisions\/1632"}],"wp:attachment":[{"href":"http:\/\/www.augenzentrum-aspern.at\/pl\/wp-json\/wp\/v2\/media?parent=1398"}],"wp:term":[{"taxonomy":"post_tag","embeddable":true,"href":"http:\/\/www.augenzentrum-aspern.at\/pl\/wp-json\/wp\/v2\/tags?post=1398"}],"curies":[{"name":"wp","href":"https:\/\/api.w.org\/{rel}","templated":true}]}}