{"id":1405,"date":"2021-02-09T13:32:41","date_gmt":"2021-02-09T12:32:41","guid":{"rendered":"http:\/\/www.augenzentrum-aspern.at\/specjalista"},"modified":"2026-02-28T18:19:36","modified_gmt":"2026-02-28T17:19:36","slug":"specjalista","status":"publish","type":"page","link":"https:\/\/www.augenzentrum-aspern.at\/pl\/specjalista","title":{"rendered":"Specjalista"},"content":{"rendered":"\n<style type=\"text\/css\" data-created_by=\"avia_inline_auto\" id=\"style-css-av-4m818n-34d825b91d92c085c0724e1afcbb614f\">\n.flex_column.av-4m818n-34d825b91d92c085c0724e1afcbb614f{\nborder-radius:0px 0px 0px 0px;\npadding:0px 0px 0px 0px;\n}\n<\/style>\n<div  class='flex_column av-4m818n-34d825b91d92c085c0724e1afcbb614f av_one_half  avia-builder-el-0  el_before_av_one_half  avia-builder-el-first  first flex_column_div av-zero-column-padding  '     ><section  class='av_textblock_section av-28oh1j-5ea41e703af333a96ef3fc9369982efd '   itemscope=\"itemscope\" itemtype=\"https:\/\/schema.org\/CreativeWork\" ><div class='avia_textblock'  itemprop=\"text\" ><h3>Do\u015bwiadczenie zawodowe (wyb\u00f3r):<\/h3>\n<p data-start=\"0\" data-end=\"95\">Wyk\u0142adowca na Uniwersytecie Medycznym w Wiedniu oraz na Uniwersytecie Medycznym w Bia\u0142ymstoku<\/p>\n<p data-start=\"97\" data-end=\"172\">Lekarka prowadz\u0105ca badania kliniczne na Uniwersytecie Medycznym w Wiedniu<\/p>\n<p data-start=\"174\" data-end=\"318\">Specjalistka w dziedzinie okulistyki i optometrii na Uniwersytecie Medycznym w Wiedniu oraz w Uniwersyteckim Szpitalu Klinicznym w Bia\u0142ymstoku<\/p>\n<p data-start=\"320\" data-end=\"386\">Konsultacje okulistyczne, Hospicjum Domowe w Bia\u0142ymstoku, Polska<\/p>\n<p data-start=\"388\" data-end=\"448\" data-is-last-node=\"\" data-is-only-node=\"\">Lekarka medycyny paliatywnej, Hospicjum Domowe w Bia\u0142ymstoku<\/p>\n<p data-start=\"388\" data-end=\"448\" data-is-last-node=\"\" data-is-only-node=\"\">\n<div class=\"flex flex-col text-sm pb-25\">\n<article class=\"text-token-text-primary w-full focus:outline-none &#091;--shadow-height:45px&#093; has-data-writing-block:pointer-events-none has-data-writing-block:-mt-(--shadow-height) has-data-writing-block:pt-(--shadow-height) &#091;&amp;:has(&#091;data-writing-block&#093;)&gt;*&#093;:pointer-events-auto scroll-mt-&#091;calc(var(--header-height)+min(200px,max(70px,20svh)))&#093;\" dir=\"auto\" tabindex=\"-1\" data-turn-id=\"request-WEB:f9ec7ee4-7f3b-4173-9f93-5ef095e79829-2\" data-testid=\"conversation-turn-6\" data-scroll-anchor=\"true\" data-turn=\"assistant\">\n<div class=\"text-base my-auto mx-auto pb-10 &#091;--thread-content-margin:--spacing(4)&#093; @w-sm\/main:&#091;--thread-content-margin:--spacing(6)&#093; @w-lg\/main:&#091;--thread-content-margin:--spacing(16)&#093; px-(--thread-content-margin)\">\n<div class=\"&#091;--thread-content-max-width:40rem&#093; @w-lg\/main:&#091;--thread-content-max-width:48rem&#093; mx-auto max-w-(--thread-content-max-width) flex-1 group\/turn-messages focus-visible:outline-hidden relative flex w-full min-w-0 flex-col agent-turn\" tabindex=\"-1\">\n<div class=\"flex max-w-full flex-col grow\">\n<div class=\"min-h-8 text-message relative flex w-full flex-col items-end gap-2 text-start break-words whitespace-normal &#091;.text-message+&amp;&#093;:mt-1\" dir=\"auto\" data-message-author-role=\"assistant\" data-message-id=\"d2b91cf9-00f7-46e4-9cb3-ab55e8951d33\" data-message-model-slug=\"gpt-5-2\">\n<div class=\"flex w-full flex-col gap-1 empty:hidden first:pt-&#091;1px&#093;\">\n<div class=\"markdown prose dark:prose-invert w-full wrap-break-word light markdown-new-styling\">\n<h3 data-start=\"0\" data-end=\"41\">Redaktor i recenzent czasopism naukowych:<\/h3>\n<\/div>\n<\/div>\n<\/div>\n<\/div>\n<\/div>\n<\/div>\n<\/article>\n<\/div>\n<p>Journal of the American Medical Association (JAMA)<\/p>\n<p>Journal of Ophthalmology<\/p>\n<p>Klinika Oczna \/ Acta Ophthalmologica Polonica<\/p>\n<p>Case Reports in Ophthalmological Medicin<\/p>\n<h3>Cz\u0142onkostwo w towarzystwach okulistycznych:<\/h3>\n<p>European Society of Retina Specialists (Euretina)<\/p>\n<p>European Society of Cataract and Refractive Surgery (ESCRS)<\/p>\n<p>Association for Research in Vision and Ophthalmology (ARVO)<\/p>\n<p>Wiener Ophthalmologische Gesellschaft (WOG)<\/p>\n<p>Vereinigung Kontaktlinsen anpassender Augen\u00e4rzte (VKAA)<\/p>\n<h3>Diplomy (wyb\u00f3r):<\/h3>\n<p>Sonographie Orbita (\u00d6\u00c4K-Zertifikat)<\/p>\n<p>Sonographie Bulbus und Anh\u00e4ngsel (\u00d6\u00c4K-Zertifikat)<\/p>\n<p>DFP-Fortbildungsdiplom (\u00d6\u00c4K-Diplom)<\/p>\n<p>Genetik (\u00d6\u00c4K-Diplom)<\/p>\n<p>Psychosoziale Medizin (\u00d6\u00c4K-Diplom)<\/p>\n<p>Umweltmedizin (\u00d6\u00c4K-Diplom)<\/p>\n<p>\u00c4rztliche Wundbehandlung (\u00d6\u00c4K-Zertifikat)<\/p>\n<p>Palliativmedizin (\u00d6\u00c4K-Diplom)<\/p>\n<p>Schularzt (\u00d6\u00c4K-Diplom)<\/p>\n<h3><a href=\"http:\/\/www.augenzentrum-aspern.at\/pl\/specjalista\/dzialalnosc-naukowa\">Praca naukowa <em>(link)<\/em><\/a><\/h3>\n<\/div><\/section><\/div>\n<style type=\"text\/css\" data-created_by=\"avia_inline_auto\" id=\"style-css-av-4m818n-98936a9b776df3e8f6a12f99520a1f58\">\n.flex_column.av-4m818n-98936a9b776df3e8f6a12f99520a1f58{\nborder-radius:0px 0px 0px 0px;\npadding:0px 0px 0px 0px;\n}\n<\/style>\n<div  class='flex_column av-4m818n-98936a9b776df3e8f6a12f99520a1f58 av_one_half  avia-builder-el-2  el_after_av_one_half  avia-builder-el-last  flex_column_div av-zero-column-padding  '     ><style type=\"text\/css\" data-created_by=\"avia_inline_auto\" id=\"style-css-av-kju0pvce-5deddbb4ee01dc22372b1a63299e107a\">\n.avia-image-container.av-kju0pvce-5deddbb4ee01dc22372b1a63299e107a img.avia_image{\nbox-shadow:none;\n}\n.avia-image-container.av-kju0pvce-5deddbb4ee01dc22372b1a63299e107a .av-image-caption-overlay-center{\ncolor:#ffffff;\n}\n<\/style>\n<div  class='avia-image-container av-kju0pvce-5deddbb4ee01dc22372b1a63299e107a av-styling- avia-align-center  avia-builder-el-3  avia-builder-el-no-sibling '   itemprop=\"image\" itemscope=\"itemscope\" itemtype=\"https:\/\/schema.org\/ImageObject\" ><div class=\"avia-image-container-inner\"><div class=\"avia-image-overlay-wrap\"><img decoding=\"async\" fetchpriority=\"high\" class='wp-image-1514 avia-img-lazy-loading-not-1514 avia_image ' src=\"https:\/\/www.augenzentrum-aspern.at\/wp-content\/uploads\/2021\/03\/aerztin-web.jpg\" alt='Dr n. med. Katarzyna J. Witkowska' title='Dr n. med. Katarzyna J. Witkowska'  height=\"623\" width=\"800\"  itemprop=\"thumbnailUrl\" srcset=\"https:\/\/www.augenzentrum-aspern.at\/wp-content\/uploads\/2021\/03\/aerztin-web.jpg 800w, https:\/\/www.augenzentrum-aspern.at\/wp-content\/uploads\/2021\/03\/aerztin-web-300x234.jpg 300w, https:\/\/www.augenzentrum-aspern.at\/wp-content\/uploads\/2021\/03\/aerztin-web-768x598.jpg 768w, https:\/\/www.augenzentrum-aspern.at\/wp-content\/uploads\/2021\/03\/aerztin-web-705x549.jpg 705w\" sizes=\"(max-width: 800px) 100vw, 800px\" \/><\/div><\/div><\/div><\/div><\/p>\n","protected":false},"excerpt":{"rendered":"","protected":false},"author":2,"featured_media":0,"parent":0,"menu_order":0,"comment_status":"closed","ping_status":"closed","template":"","meta":{"footnotes":""},"tags":[],"class_list":["post-1405","page","type-page","status-publish","hentry"],"_links":{"self":[{"href":"https:\/\/www.augenzentrum-aspern.at\/pl\/wp-json\/wp\/v2\/pages\/1405","targetHints":{"allow":["GET"]}}],"collection":[{"href":"https:\/\/www.augenzentrum-aspern.at\/pl\/wp-json\/wp\/v2\/pages"}],"about":[{"href":"https:\/\/www.augenzentrum-aspern.at\/pl\/wp-json\/wp\/v2\/types\/page"}],"author":[{"embeddable":true,"href":"https:\/\/www.augenzentrum-aspern.at\/pl\/wp-json\/wp\/v2\/users\/2"}],"replies":[{"embeddable":true,"href":"https:\/\/www.augenzentrum-aspern.at\/pl\/wp-json\/wp\/v2\/comments?post=1405"}],"version-history":[{"count":11,"href":"https:\/\/www.augenzentrum-aspern.at\/pl\/wp-json\/wp\/v2\/pages\/1405\/revisions"}],"predecessor-version":[{"id":1649,"href":"https:\/\/www.augenzentrum-aspern.at\/pl\/wp-json\/wp\/v2\/pages\/1405\/revisions\/1649"}],"wp:attachment":[{"href":"https:\/\/www.augenzentrum-aspern.at\/pl\/wp-json\/wp\/v2\/media?parent=1405"}],"wp:term":[{"taxonomy":"post_tag","embeddable":true,"href":"https:\/\/www.augenzentrum-aspern.at\/pl\/wp-json\/wp\/v2\/tags?post=1405"}],"curies":[{"name":"wp","href":"https:\/\/api.w.org\/{rel}","templated":true}]}}