{"id":1434,"date":"2021-02-09T13:55:41","date_gmt":"2021-02-09T12:55:41","guid":{"rendered":"http:\/\/www.augenzentrum-aspern.at\/kontakt"},"modified":"2025-01-10T14:53:01","modified_gmt":"2025-01-10T13:53:01","slug":"kontakt","status":"publish","type":"page","link":"https:\/\/www.augenzentrum-aspern.at\/pl\/kontakt","title":{"rendered":"Kontakt"},"content":{"rendered":"\n<style type=\"text\/css\" data-created_by=\"avia_inline_auto\" id=\"style-css-av-2sq4z7-62fa31b25e9970fa28f1caaefb383475\">\n.flex_column.av-2sq4z7-62fa31b25e9970fa28f1caaefb383475{\nborder-radius:0px 0px 0px 0px;\npadding:0px 0px 0px 0px;\n}\n<\/style>\n<div  class='flex_column av-2sq4z7-62fa31b25e9970fa28f1caaefb383475 av_one_half  avia-builder-el-0  el_before_av_one_half  avia-builder-el-first  first flex_column_div av-zero-column-padding  '     ><section  class='av_textblock_section av-kjvp0d34-c869fc341024685059d4819c1e416cc5 '   itemscope=\"itemscope\" itemtype=\"https:\/\/schema.org\/CreativeWork\" ><div class='avia_textblock'  itemprop=\"text\" ><h3>Augenzentrum Aspern<\/h3>\n<p>dr n. med. Katarzyna J. Witkowska<br \/>\nspecjalista chor\u00f3b oczu<\/p>\n<p>wszystkie kasy oraz prywatnie<\/p>\n<p>Lavaterstra\u00dfe 3<br \/>\n1220 Wien<\/p>\n<p>Tel. +43 1 280 45 89<\/p>\n<p>E-Mail: <a href=\"mailto:ordination@augenzentrum-aspern.at\">ordination@augenzentrum-aspern.at<\/a><\/p>\n<\/div><\/section><br \/>\n<div  class='avia-button-wrap av-kl14r5kp-96534ec884249fe7b78b7bf11c21afb3-wrap avia-button-left  avia-builder-el-2  el_after_av_textblock  el_before_av_textblock '><a href='https:\/\/etermin.lobmaier.at\/witkowska-katarzyna-01\/'  class='avia-button av-kl14r5kp-96534ec884249fe7b78b7bf11c21afb3 av-link-btn avia-icon_select-no avia-size-small avia-position-left avia-color-theme-color'   aria-label=\"REJESTRACJA ONLINE\"><span class='avia_iconbox_title' >REJESTRACJA ONLINE<\/span><\/a><\/div><br \/>\n<section  class='av_textblock_section av-kjvp0d34-b126040f8313e2279e5d1bef334983c0 '   itemscope=\"itemscope\" itemtype=\"https:\/\/schema.org\/CreativeWork\" ><div class='avia_textblock'  itemprop=\"text\" ><p><strong>Godziny otwarcia:<\/strong><br \/>\nPoniedzia\u0142ek 10:00-15:00<br \/>\nWtorek 9:00-14:00<br \/>\n\u015aroda 14:00-19:00<br \/>\nCzwartek 9:00-14:00<br \/>\na tak\u017ce po wcze\u015bniejszym um\u00f3wieniu<\/p>\n<p><strong>Rejestracja telefoniczna:<\/strong><br \/>\nPoniedzia\u0142ek 9:00-15:00<br \/>\nWtorek 9:00-18:00<br \/>\n\u015aroda 9:00-19:00<br \/>\nCzwartek 9:00-14:00<\/p>\n<p>\u017bycz\u0105 sobie Pa\u0144stwo rozmow\u0119 w j\u0119zyku polskim? Nie mogli si\u0119 Pa\u0144stwo do nas dodzwoni\u0107? Prosz\u0119 napisa\u0107 maila z numerem telefonu, skontaktujemy si\u0119 z Pa\u0144stwem tak szybko, jak to mo\u017cliwe.<\/p>\n<h3>DOJAZD:<\/h3>\n<p><strong>komunikacj\u0105 publiczn\u0105:<\/strong><\/p>\n<p>1 minuta piechot\u0105 od stacji metra U2 Aspernstra\u00dfe<\/p>\n<p>1 minuta piechot\u0105 od przystanku autobusowego Aspernstra\u00dfe, linie: 22A, 26A, 84A, 93A, 97A, 98A, 391, 392<\/p>\n<p><strong>samochodem:<\/strong><\/p>\n<p style=\"background: white; vertical-align: baseline; margin: 10.2pt 0cm 10.2pt 0cm;\"><span lang=\"PL\" style=\"font-family: Helvetica; color: #666666;\">Parking podziemny Aspernstra\u00dfe (dojazd przez ulic<\/span><span lang=\"PL\" style=\"font-size: 13.0pt; font-family: 'Open Sans'; letter-spacing: .4pt;\">\u0119<\/span><span lang=\"PL\" style=\"font-family: Helvetica; color: #666666;\"> Lavaterstra\u00dfe) znajduje si\u0119 naprzeciwko centrum okulistycznego. <\/span><\/p>\n<\/div><\/section><\/p><\/div>\n<style type=\"text\/css\" data-created_by=\"avia_inline_auto\" id=\"style-css-av-2sq4z7-1e2b09671431029cb6f10993927e1cdb\">\n.flex_column.av-2sq4z7-1e2b09671431029cb6f10993927e1cdb{\nborder-radius:0px 0px 0px 0px;\npadding:0px 0px 0px 0px;\n}\n<\/style>\n<div  class='flex_column av-2sq4z7-1e2b09671431029cb6f10993927e1cdb av_one_half  avia-builder-el-4  el_after_av_one_half  avia-builder-el-last  flex_column_div av-zero-column-padding  '     ><p>\n<style type=\"text\/css\" data-created_by=\"avia_inline_auto\" id=\"style-css-av-kju0lr8k-2811bf5dcf2bd34e0ea957435950c3a1\">\n.avia-image-container.av-kju0lr8k-2811bf5dcf2bd34e0ea957435950c3a1 img.avia_image{\nbox-shadow:none;\n}\n.avia-image-container.av-kju0lr8k-2811bf5dcf2bd34e0ea957435950c3a1 .av-image-caption-overlay-center{\ncolor:#ffffff;\n}\n<\/style>\n<div  class='avia-image-container av-kju0lr8k-2811bf5dcf2bd34e0ea957435950c3a1 av-styling- avia-align-center  avia-builder-el-5  el_before_av_textblock  avia-builder-el-first '   itemprop=\"image\" itemscope=\"itemscope\" itemtype=\"https:\/\/schema.org\/ImageObject\" ><div class=\"avia-image-container-inner\"><div class=\"avia-image-overlay-wrap\"><img decoding=\"async\" fetchpriority=\"high\" class='wp-image-1541 avia-img-lazy-loading-not-1541 avia_image ' src=\"https:\/\/www.augenzentrum-aspern.at\/wp-content\/uploads\/2021\/03\/Kontakt-web-1.jpg\" alt='Ordination Dr n. med. Katarzyna J. Witkowska' title='Ordination Dr n. med. Katarzyna J. Witkowska'  height=\"533\" width=\"800\"  itemprop=\"thumbnailUrl\" srcset=\"https:\/\/www.augenzentrum-aspern.at\/wp-content\/uploads\/2021\/03\/Kontakt-web-1.jpg 800w, https:\/\/www.augenzentrum-aspern.at\/wp-content\/uploads\/2021\/03\/Kontakt-web-1-300x200.jpg 300w, https:\/\/www.augenzentrum-aspern.at\/wp-content\/uploads\/2021\/03\/Kontakt-web-1-768x512.jpg 768w, https:\/\/www.augenzentrum-aspern.at\/wp-content\/uploads\/2021\/03\/Kontakt-web-1-705x470.jpg 705w\" sizes=\"(max-width: 800px) 100vw, 800px\" \/><\/div><\/div><\/div><br \/>\n<section  class='av_textblock_section av-kjvp0d34-c869fc341024685059d4819c1e416cc5 '   itemscope=\"itemscope\" itemtype=\"https:\/\/schema.org\/CreativeWork\" ><div class='avia_textblock'  itemprop=\"text\" ><p><iframe loading=\"lazy\" src=\"https:\/\/www.google.com\/maps\/embed?pb=!1m18!1m12!1m3!1d2658.128780247399!2d16.47329890224564!3d48.22339476601865!2m3!1f0!2f0!3f0!3m2!1i1024!2i768!4f13.1!3m3!1m2!1s0x476d0122626fec8b%3A0xedbb08449af23d0e!2sLavaterstra%C3%9Fe%203%2C%201220%20Wien!5e0!3m2!1sde!2sat!4v1611600236557!5m2!1sde!2sat\" width=\"600\" height=\"450\" frameborder=\"0\" style=\"border:0;\" allowfullscreen=\"\" aria-hidden=\"false\" tabindex=\"0\"><\/iframe><\/p>\n<\/div><\/section><\/p><\/div><\/p>\n","protected":false},"excerpt":{"rendered":"","protected":false},"author":2,"featured_media":0,"parent":0,"menu_order":0,"comment_status":"closed","ping_status":"closed","template":"","meta":{"footnotes":""},"tags":[],"class_list":["post-1434","page","type-page","status-publish","hentry"],"_links":{"self":[{"href":"https:\/\/www.augenzentrum-aspern.at\/pl\/wp-json\/wp\/v2\/pages\/1434","targetHints":{"allow":["GET"]}}],"collection":[{"href":"https:\/\/www.augenzentrum-aspern.at\/pl\/wp-json\/wp\/v2\/pages"}],"about":[{"href":"https:\/\/www.augenzentrum-aspern.at\/pl\/wp-json\/wp\/v2\/types\/page"}],"author":[{"embeddable":true,"href":"https:\/\/www.augenzentrum-aspern.at\/pl\/wp-json\/wp\/v2\/users\/2"}],"replies":[{"embeddable":true,"href":"https:\/\/www.augenzentrum-aspern.at\/pl\/wp-json\/wp\/v2\/comments?post=1434"}],"version-history":[{"count":15,"href":"https:\/\/www.augenzentrum-aspern.at\/pl\/wp-json\/wp\/v2\/pages\/1434\/revisions"}],"predecessor-version":[{"id":1658,"href":"https:\/\/www.augenzentrum-aspern.at\/pl\/wp-json\/wp\/v2\/pages\/1434\/revisions\/1658"}],"wp:attachment":[{"href":"https:\/\/www.augenzentrum-aspern.at\/pl\/wp-json\/wp\/v2\/media?parent=1434"}],"wp:term":[{"taxonomy":"post_tag","embeddable":true,"href":"https:\/\/www.augenzentrum-aspern.at\/pl\/wp-json\/wp\/v2\/tags?post=1434"}],"curies":[{"name":"wp","href":"https:\/\/api.w.org\/{rel}","templated":true}]}}